{"id":9859,"date":"2021-03-18T10:19:06","date_gmt":"2021-03-18T14:19:06","guid":{"rendered":"https:\/\/www.gastonhenryfourrures.com\/product\/loup\/"},"modified":"2026-02-24T09:07:14","modified_gmt":"2026-02-24T14:07:14","slug":"loup","status":"publish","type":"product","link":"https:\/\/www.gastonhenryfourrures.com\/fr\/produit\/loup\/","title":{"rendered":"Loup"},"content":{"rendered":"<p>Loup du Canada. Disponible de la premi\u00e8re qualit\u00e9 \u00e0 la troisi\u00e8me qualit\u00e9. Permit de cites n\u00e9cessaire pour l\u2019exportation de ce produit. Veuillez nous contacter pour plus d&rsquo;informations.<\/p>\n","protected":false},"excerpt":{"rendered":"<p>Loup du Canada. Disponible de la premi\u00e8re qualit\u00e9 \u00e0 la troisi\u00e8me qualit\u00e9. Permit de cites n\u00e9cessaire pour l\u2019exportation de ce produit. Veuillez nous contacter pour plus d&rsquo;informations.<\/p>\n","protected":false},"featured_media":4755,"template":"","meta":[],"product_cat":[502,638],"product_tag":[],"_links":{"self":[{"href":"https:\/\/www.gastonhenryfourrures.com\/fr\/wp-json\/wp\/v2\/product\/9859"}],"collection":[{"href":"https:\/\/www.gastonhenryfourrures.com\/fr\/wp-json\/wp\/v2\/product"}],"about":[{"href":"https:\/\/www.gastonhenryfourrures.com\/fr\/wp-json\/wp\/v2\/types\/product"}],"wp:featuredmedia":[{"embeddable":true,"href":"https:\/\/www.gastonhenryfourrures.com\/fr\/wp-json\/wp\/v2\/media\/4755"}],"wp:attachment":[{"href":"https:\/\/www.gastonhenryfourrures.com\/fr\/wp-json\/wp\/v2\/media?parent=9859"}],"wp:term":[{"taxonomy":"product_cat","embeddable":true,"href":"https:\/\/www.gastonhenryfourrures.com\/fr\/wp-json\/wp\/v2\/product_cat?post=9859"},{"taxonomy":"product_tag","embeddable":true,"href":"https:\/\/www.gastonhenryfourrures.com\/fr\/wp-json\/wp\/v2\/product_tag?post=9859"}],"curies":[{"name":"wp","href":"https:\/\/api.w.org\/{rel}","templated":true}]}}