{"id":9855,"date":"2021-03-18T10:19:04","date_gmt":"2021-03-18T14:19:04","guid":{"rendered":"https:\/\/www.gastonhenryfourrures.com\/product\/loup-arctique\/"},"modified":"2023-08-04T15:32:34","modified_gmt":"2023-08-04T19:32:34","slug":"loup-arctique","status":"publish","type":"product","link":"https:\/\/www.gastonhenryfourrures.com\/fr\/produit\/loup-arctique\/","title":{"rendered":"Loup arctique"},"content":{"rendered":"<p>Loup arctique du Canada de premi\u00e8re qualit\u00e9. Permit de cites n\u00e9cessaire pour l\u2019exportation de ce produit. Veuillez nous contacter pour plus d&rsquo;informations. <\/p>\n","protected":false},"excerpt":{"rendered":"<p>Loup arctique du Canada de premi\u00e8re qualit\u00e9. Permit de cites n\u00e9cessaire pour l\u2019exportation de ce produit. Veuillez nous contacter pour plus d&rsquo;informations.<\/p>\n","protected":false},"featured_media":4753,"template":"","meta":[],"product_cat":[502,638],"product_tag":[],"_links":{"self":[{"href":"https:\/\/www.gastonhenryfourrures.com\/fr\/wp-json\/wp\/v2\/product\/9855"}],"collection":[{"href":"https:\/\/www.gastonhenryfourrures.com\/fr\/wp-json\/wp\/v2\/product"}],"about":[{"href":"https:\/\/www.gastonhenryfourrures.com\/fr\/wp-json\/wp\/v2\/types\/product"}],"wp:featuredmedia":[{"embeddable":true,"href":"https:\/\/www.gastonhenryfourrures.com\/fr\/wp-json\/wp\/v2\/media\/4753"}],"wp:attachment":[{"href":"https:\/\/www.gastonhenryfourrures.com\/fr\/wp-json\/wp\/v2\/media?parent=9855"}],"wp:term":[{"taxonomy":"product_cat","embeddable":true,"href":"https:\/\/www.gastonhenryfourrures.com\/fr\/wp-json\/wp\/v2\/product_cat?post=9855"},{"taxonomy":"product_tag","embeddable":true,"href":"https:\/\/www.gastonhenryfourrures.com\/fr\/wp-json\/wp\/v2\/product_tag?post=9855"}],"curies":[{"name":"wp","href":"https:\/\/api.w.org\/{rel}","templated":true}]}}