{"id":9843,"date":"2021-03-18T10:19:00","date_gmt":"2021-03-18T14:19:00","guid":{"rendered":"https:\/\/www.gastonhenryfourrures.com\/product\/vison-sauvage\/"},"modified":"2026-03-23T15:08:54","modified_gmt":"2026-03-23T19:08:54","slug":"vison-sauvage","status":"publish","type":"product","link":"https:\/\/www.gastonhenryfourrures.com\/fr\/produit\/vison-sauvage\/","title":{"rendered":"Vison sauvage"},"content":{"rendered":"<p>Vison sauvage du Qu\u00e9bec de premi\u00e8re qualit\u00e9. <\/p>\n","protected":false},"excerpt":{"rendered":"<p>Vison sauvage du Qu\u00e9bec de premi\u00e8re qualit\u00e9.<\/p>\n","protected":false},"featured_media":0,"template":"","meta":[],"product_cat":[502,668],"product_tag":[],"_links":{"self":[{"href":"https:\/\/www.gastonhenryfourrures.com\/fr\/wp-json\/wp\/v2\/product\/9843"}],"collection":[{"href":"https:\/\/www.gastonhenryfourrures.com\/fr\/wp-json\/wp\/v2\/product"}],"about":[{"href":"https:\/\/www.gastonhenryfourrures.com\/fr\/wp-json\/wp\/v2\/types\/product"}],"wp:attachment":[{"href":"https:\/\/www.gastonhenryfourrures.com\/fr\/wp-json\/wp\/v2\/media?parent=9843"}],"wp:term":[{"taxonomy":"product_cat","embeddable":true,"href":"https:\/\/www.gastonhenryfourrures.com\/fr\/wp-json\/wp\/v2\/product_cat?post=9843"},{"taxonomy":"product_tag","embeddable":true,"href":"https:\/\/www.gastonhenryfourrures.com\/fr\/wp-json\/wp\/v2\/product_tag?post=9843"}],"curies":[{"name":"wp","href":"https:\/\/api.w.org\/{rel}","templated":true}]}}