{"id":9835,"date":"2021-03-18T10:18:57","date_gmt":"2021-03-18T14:18:57","guid":{"rendered":"https:\/\/www.gastonhenryfourrures.com\/product\/ecureuil\/"},"modified":"2026-03-26T08:49:48","modified_gmt":"2026-03-26T12:49:48","slug":"ecureuil","status":"publish","type":"product","link":"https:\/\/www.gastonhenryfourrures.com\/fr\/produit\/ecureuil\/","title":{"rendered":"\u00c9cureuil"},"content":{"rendered":"<p>\u00c9cureuil du Qu\u00e9bec.<\/p>\n","protected":false},"excerpt":{"rendered":"<p>\u00c9cureuil du Qu\u00e9bec.<\/p>\n","protected":false},"featured_media":4745,"template":"","meta":[],"product_cat":[502,664],"product_tag":[],"_links":{"self":[{"href":"https:\/\/www.gastonhenryfourrures.com\/fr\/wp-json\/wp\/v2\/product\/9835"}],"collection":[{"href":"https:\/\/www.gastonhenryfourrures.com\/fr\/wp-json\/wp\/v2\/product"}],"about":[{"href":"https:\/\/www.gastonhenryfourrures.com\/fr\/wp-json\/wp\/v2\/types\/product"}],"wp:featuredmedia":[{"embeddable":true,"href":"https:\/\/www.gastonhenryfourrures.com\/fr\/wp-json\/wp\/v2\/media\/4745"}],"wp:attachment":[{"href":"https:\/\/www.gastonhenryfourrures.com\/fr\/wp-json\/wp\/v2\/media?parent=9835"}],"wp:term":[{"taxonomy":"product_cat","embeddable":true,"href":"https:\/\/www.gastonhenryfourrures.com\/fr\/wp-json\/wp\/v2\/product_cat?post=9835"},{"taxonomy":"product_tag","embeddable":true,"href":"https:\/\/www.gastonhenryfourrures.com\/fr\/wp-json\/wp\/v2\/product_tag?post=9835"}],"curies":[{"name":"wp","href":"https:\/\/api.w.org\/{rel}","templated":true}]}}