{"id":9815,"date":"2021-03-18T10:18:48","date_gmt":"2021-03-18T14:18:48","guid":{"rendered":"https:\/\/www.gastonhenryfourrures.com\/product\/raton-laveur\/"},"modified":"2026-03-23T10:40:19","modified_gmt":"2026-03-23T14:40:19","slug":"raton-laveur","status":"publish","type":"product","link":"https:\/\/www.gastonhenryfourrures.com\/fr\/produit\/raton-laveur\/","title":{"rendered":"Raton-laveur"},"content":{"rendered":"<p>Raton-laveur du Canada et des \u00c9tats-Unis de premi\u00e8re qualit\u00e9.<\/p>\n","protected":false},"excerpt":{"rendered":"<p>Raton-laveur du Canada et des \u00c9tats-Unis de premi\u00e8re qualit\u00e9.<\/p>\n","protected":false},"featured_media":4741,"template":"","meta":[],"product_cat":[502,631],"product_tag":[],"_links":{"self":[{"href":"https:\/\/www.gastonhenryfourrures.com\/fr\/wp-json\/wp\/v2\/product\/9815"}],"collection":[{"href":"https:\/\/www.gastonhenryfourrures.com\/fr\/wp-json\/wp\/v2\/product"}],"about":[{"href":"https:\/\/www.gastonhenryfourrures.com\/fr\/wp-json\/wp\/v2\/types\/product"}],"wp:featuredmedia":[{"embeddable":true,"href":"https:\/\/www.gastonhenryfourrures.com\/fr\/wp-json\/wp\/v2\/media\/4741"}],"wp:attachment":[{"href":"https:\/\/www.gastonhenryfourrures.com\/fr\/wp-json\/wp\/v2\/media?parent=9815"}],"wp:term":[{"taxonomy":"product_cat","embeddable":true,"href":"https:\/\/www.gastonhenryfourrures.com\/fr\/wp-json\/wp\/v2\/product_cat?post=9815"},{"taxonomy":"product_tag","embeddable":true,"href":"https:\/\/www.gastonhenryfourrures.com\/fr\/wp-json\/wp\/v2\/product_tag?post=9815"}],"curies":[{"name":"wp","href":"https:\/\/api.w.org\/{rel}","templated":true}]}}