{"id":9807,"date":"2021-03-18T10:18:45","date_gmt":"2021-03-18T14:18:45","guid":{"rendered":"https:\/\/www.gastonhenryfourrures.com\/product\/loutre\/"},"modified":"2025-08-25T10:35:12","modified_gmt":"2025-08-25T14:35:12","slug":"loutre","status":"publish","type":"product","link":"https:\/\/www.gastonhenryfourrures.com\/fr\/produit\/loutre\/","title":{"rendered":"Loutre"},"content":{"rendered":"<p>Loutre du Qu\u00e9bec de premi\u00e8re qualit\u00e9. Naturel brun fonc\u00e9. Permit de cites n\u00e9cessaire pour l\u2019exportation de ce produit.<\/p>\n","protected":false},"excerpt":{"rendered":"<p>Loutre du Qu\u00e9bec de premi\u00e8re qualit\u00e9. Naturel brun fonc\u00e9. Permit de cites n\u00e9cessaire pour l\u2019exportation de ce produit.<\/p>\n","protected":false},"featured_media":4739,"template":"","meta":[],"product_cat":[502,660],"product_tag":[],"_links":{"self":[{"href":"https:\/\/www.gastonhenryfourrures.com\/fr\/wp-json\/wp\/v2\/product\/9807"}],"collection":[{"href":"https:\/\/www.gastonhenryfourrures.com\/fr\/wp-json\/wp\/v2\/product"}],"about":[{"href":"https:\/\/www.gastonhenryfourrures.com\/fr\/wp-json\/wp\/v2\/types\/product"}],"wp:featuredmedia":[{"embeddable":true,"href":"https:\/\/www.gastonhenryfourrures.com\/fr\/wp-json\/wp\/v2\/media\/4739"}],"wp:attachment":[{"href":"https:\/\/www.gastonhenryfourrures.com\/fr\/wp-json\/wp\/v2\/media?parent=9807"}],"wp:term":[{"taxonomy":"product_cat","embeddable":true,"href":"https:\/\/www.gastonhenryfourrures.com\/fr\/wp-json\/wp\/v2\/product_cat?post=9807"},{"taxonomy":"product_tag","embeddable":true,"href":"https:\/\/www.gastonhenryfourrures.com\/fr\/wp-json\/wp\/v2\/product_tag?post=9807"}],"curies":[{"name":"wp","href":"https:\/\/api.w.org\/{rel}","templated":true}]}}