{"id":9799,"date":"2021-03-18T10:18:39","date_gmt":"2021-03-18T14:18:39","guid":{"rendered":"https:\/\/www.gastonhenryfourrures.com\/product\/rat-musque\/"},"modified":"2026-03-23T15:06:15","modified_gmt":"2026-03-23T19:06:15","slug":"rat-musque","status":"publish","type":"product","link":"https:\/\/www.gastonhenryfourrures.com\/fr\/produit\/rat-musque\/","title":{"rendered":"Rat musqu\u00e9"},"content":{"rendered":"<p>Rat musqu\u00e9 du Qu\u00e9bec de bonne qualit\u00e9.<\/p>\n","protected":false},"excerpt":{"rendered":"<p>Rat musqu\u00e9 du Qu\u00e9bec de bonne qualit\u00e9.<\/p>\n","protected":false},"featured_media":4737,"template":"","meta":[],"product_cat":[502,658],"product_tag":[],"_links":{"self":[{"href":"https:\/\/www.gastonhenryfourrures.com\/fr\/wp-json\/wp\/v2\/product\/9799"}],"collection":[{"href":"https:\/\/www.gastonhenryfourrures.com\/fr\/wp-json\/wp\/v2\/product"}],"about":[{"href":"https:\/\/www.gastonhenryfourrures.com\/fr\/wp-json\/wp\/v2\/types\/product"}],"wp:featuredmedia":[{"embeddable":true,"href":"https:\/\/www.gastonhenryfourrures.com\/fr\/wp-json\/wp\/v2\/media\/4737"}],"wp:attachment":[{"href":"https:\/\/www.gastonhenryfourrures.com\/fr\/wp-json\/wp\/v2\/media?parent=9799"}],"wp:term":[{"taxonomy":"product_cat","embeddable":true,"href":"https:\/\/www.gastonhenryfourrures.com\/fr\/wp-json\/wp\/v2\/product_cat?post=9799"},{"taxonomy":"product_tag","embeddable":true,"href":"https:\/\/www.gastonhenryfourrures.com\/fr\/wp-json\/wp\/v2\/product_tag?post=9799"}],"curies":[{"name":"wp","href":"https:\/\/api.w.org\/{rel}","templated":true}]}}