{"id":9745,"date":"2021-03-18T10:18:11","date_gmt":"2021-03-18T14:18:11","guid":{"rendered":"https:\/\/www.gastonhenryfourrures.com\/product\/coyote\/"},"modified":"2025-08-25T09:41:19","modified_gmt":"2025-08-25T13:41:19","slug":"coyote","status":"publish","type":"product","link":"https:\/\/www.gastonhenryfourrures.com\/fr\/produit\/coyote\/","title":{"rendered":"Coyote"},"content":{"rendered":"<p>Coyote de l&rsquo;Est du Canada. Premi\u00e8re qualit\u00e9 disponible en naturel fonc\u00e9 ou de couleur p\u00e2le.<\/p>\n","protected":false},"excerpt":{"rendered":"<p>Coyote de l&rsquo;Est du Canada. Premi\u00e8re qualit\u00e9 disponible en naturel fonc\u00e9 ou de couleur p\u00e2le.<\/p>\n","protected":false},"featured_media":4715,"template":"","meta":[],"product_cat":[502,672],"product_tag":[],"_links":{"self":[{"href":"https:\/\/www.gastonhenryfourrures.com\/fr\/wp-json\/wp\/v2\/product\/9745"}],"collection":[{"href":"https:\/\/www.gastonhenryfourrures.com\/fr\/wp-json\/wp\/v2\/product"}],"about":[{"href":"https:\/\/www.gastonhenryfourrures.com\/fr\/wp-json\/wp\/v2\/types\/product"}],"wp:featuredmedia":[{"embeddable":true,"href":"https:\/\/www.gastonhenryfourrures.com\/fr\/wp-json\/wp\/v2\/media\/4715"}],"wp:attachment":[{"href":"https:\/\/www.gastonhenryfourrures.com\/fr\/wp-json\/wp\/v2\/media?parent=9745"}],"wp:term":[{"taxonomy":"product_cat","embeddable":true,"href":"https:\/\/www.gastonhenryfourrures.com\/fr\/wp-json\/wp\/v2\/product_cat?post=9745"},{"taxonomy":"product_tag","embeddable":true,"href":"https:\/\/www.gastonhenryfourrures.com\/fr\/wp-json\/wp\/v2\/product_tag?post=9745"}],"curies":[{"name":"wp","href":"https:\/\/api.w.org\/{rel}","templated":true}]}}