{"id":9737,"date":"2021-03-18T10:18:08","date_gmt":"2021-03-18T14:18:08","guid":{"rendered":"https:\/\/www.gastonhenryfourrures.com\/product\/ours-noir\/"},"modified":"2021-03-18T10:19:15","modified_gmt":"2021-03-18T14:19:15","slug":"ours-noir","status":"publish","type":"product","link":"https:\/\/www.gastonhenryfourrures.com\/fr\/produit\/ours-noir\/","title":{"rendered":"Ours noir"},"content":{"rendered":"<p>Ours noir du Qu\u00e9bec de bonne qualit\u00e9. Permit de cites n\u00e9cessaire pour l\u2019exportation de ce produit. <\/p>\n","protected":false},"excerpt":{"rendered":"<p>Ours noir du Qu\u00e9bec de bonne qualit\u00e9. Permit de cites n\u00e9cessaire pour l\u2019exportation de ce produit.<\/p>\n","protected":false},"featured_media":4713,"template":"","meta":[],"product_cat":[502,641],"product_tag":[],"_links":{"self":[{"href":"https:\/\/www.gastonhenryfourrures.com\/fr\/wp-json\/wp\/v2\/product\/9737"}],"collection":[{"href":"https:\/\/www.gastonhenryfourrures.com\/fr\/wp-json\/wp\/v2\/product"}],"about":[{"href":"https:\/\/www.gastonhenryfourrures.com\/fr\/wp-json\/wp\/v2\/types\/product"}],"wp:featuredmedia":[{"embeddable":true,"href":"https:\/\/www.gastonhenryfourrures.com\/fr\/wp-json\/wp\/v2\/media\/4713"}],"wp:attachment":[{"href":"https:\/\/www.gastonhenryfourrures.com\/fr\/wp-json\/wp\/v2\/media?parent=9737"}],"wp:term":[{"taxonomy":"product_cat","embeddable":true,"href":"https:\/\/www.gastonhenryfourrures.com\/fr\/wp-json\/wp\/v2\/product_cat?post=9737"},{"taxonomy":"product_tag","embeddable":true,"href":"https:\/\/www.gastonhenryfourrures.com\/fr\/wp-json\/wp\/v2\/product_tag?post=9737"}],"curies":[{"name":"wp","href":"https:\/\/api.w.org\/{rel}","templated":true}]}}