{"id":9715,"date":"2021-03-18T10:18:00","date_gmt":"2021-03-18T14:18:00","guid":{"rendered":"https:\/\/www.gastonhenryfourrures.com\/product\/loup-marin-annele-naturel\/"},"modified":"2026-02-24T08:29:57","modified_gmt":"2026-02-24T13:29:57","slug":"loup-marin-annele-naturel","status":"publish","type":"product","link":"https:\/\/www.gastonhenryfourrures.com\/fr\/produit\/loup-marin-annele-naturel\/","title":{"rendered":"Loup marin annel\u00e9 naturel"},"content":{"rendered":"<p>Loup marin annel\u00e9 naturel.<\/p>\n<p>Peau de premi\u00e8re qualit\u00e9.<\/p>\n","protected":false},"excerpt":{"rendered":"<p>Loup marin annel\u00e9 naturel. Peau de premi\u00e8re qualit\u00e9.<\/p>\n","protected":false},"featured_media":4703,"template":"","meta":[],"product_cat":[502,634],"product_tag":[492],"_links":{"self":[{"href":"https:\/\/www.gastonhenryfourrures.com\/fr\/wp-json\/wp\/v2\/product\/9715"}],"collection":[{"href":"https:\/\/www.gastonhenryfourrures.com\/fr\/wp-json\/wp\/v2\/product"}],"about":[{"href":"https:\/\/www.gastonhenryfourrures.com\/fr\/wp-json\/wp\/v2\/types\/product"}],"wp:featuredmedia":[{"embeddable":true,"href":"https:\/\/www.gastonhenryfourrures.com\/fr\/wp-json\/wp\/v2\/media\/4703"}],"wp:attachment":[{"href":"https:\/\/www.gastonhenryfourrures.com\/fr\/wp-json\/wp\/v2\/media?parent=9715"}],"wp:term":[{"taxonomy":"product_cat","embeddable":true,"href":"https:\/\/www.gastonhenryfourrures.com\/fr\/wp-json\/wp\/v2\/product_cat?post=9715"},{"taxonomy":"product_tag","embeddable":true,"href":"https:\/\/www.gastonhenryfourrures.com\/fr\/wp-json\/wp\/v2\/product_tag?post=9715"}],"curies":[{"name":"wp","href":"https:\/\/api.w.org\/{rel}","templated":true}]}}