{"id":9503,"date":"2021-03-18T10:10:50","date_gmt":"2021-03-18T14:10:50","guid":{"rendered":"https:\/\/www.gastonhenryfourrures.com\/product\/renard-delevage\/"},"modified":"2026-02-24T09:01:33","modified_gmt":"2026-02-24T14:01:33","slug":"renard-delevage","status":"publish","type":"product","link":"https:\/\/www.gastonhenryfourrures.com\/fr\/produit\/renard-delevage\/","title":{"rendered":"Renard d&rsquo;\u00e9levage"},"content":{"rendered":"<p>Renard d&rsquo;\u00e9levage. Couleur naturelle. Fourrure de premi\u00e8re qualit\u00e9.<\/p>\n<p>Grandeur medium seulement disponible pour les renards indigo.<\/p>\n","protected":false},"excerpt":{"rendered":"<p>Renard d&rsquo;\u00e9levage. Couleur naturelle. Fourrure de premi\u00e8re qualit\u00e9. Grandeur medium seulement disponible pour les renards indigo.<\/p>\n","protected":false},"featured_media":8469,"template":"","meta":[],"product_cat":[502,629],"product_tag":[],"_links":{"self":[{"href":"https:\/\/www.gastonhenryfourrures.com\/fr\/wp-json\/wp\/v2\/product\/9503"}],"collection":[{"href":"https:\/\/www.gastonhenryfourrures.com\/fr\/wp-json\/wp\/v2\/product"}],"about":[{"href":"https:\/\/www.gastonhenryfourrures.com\/fr\/wp-json\/wp\/v2\/types\/product"}],"wp:featuredmedia":[{"embeddable":true,"href":"https:\/\/www.gastonhenryfourrures.com\/fr\/wp-json\/wp\/v2\/media\/8469"}],"wp:attachment":[{"href":"https:\/\/www.gastonhenryfourrures.com\/fr\/wp-json\/wp\/v2\/media?parent=9503"}],"wp:term":[{"taxonomy":"product_cat","embeddable":true,"href":"https:\/\/www.gastonhenryfourrures.com\/fr\/wp-json\/wp\/v2\/product_cat?post=9503"},{"taxonomy":"product_tag","embeddable":true,"href":"https:\/\/www.gastonhenryfourrures.com\/fr\/wp-json\/wp\/v2\/product_tag?post=9503"}],"curies":[{"name":"wp","href":"https:\/\/api.w.org\/{rel}","templated":true}]}}