{"id":9479,"date":"2021-03-18T10:10:41","date_gmt":"2021-03-18T14:10:41","guid":{"rendered":"https:\/\/www.gastonhenryfourrures.com\/product\/queues\/"},"modified":"2026-03-24T13:28:42","modified_gmt":"2026-03-24T17:28:42","slug":"queues","status":"publish","type":"product","link":"https:\/\/www.gastonhenryfourrures.com\/fr\/produit\/queues\/","title":{"rendered":"Queues"},"content":{"rendered":"<p>Assortiments de queues.<\/p>\n<p>De gauche \u00e0 droite: Renard argent\u00e9, renard indigo, renard crystal, renard argent\u00e9 teint rouge, coyote, raton-laveur. <\/p>\n","protected":false},"excerpt":{"rendered":"<p>Assortiments de queues. De gauche \u00e0 droite: Renard argent\u00e9, renard indigo, renard crystal, renard argent\u00e9 teint rouge, coyote, raton-laveur.<\/p>\n","protected":false},"featured_media":4649,"template":"","meta":[],"product_cat":[528],"product_tag":[],"_links":{"self":[{"href":"https:\/\/www.gastonhenryfourrures.com\/fr\/wp-json\/wp\/v2\/product\/9479"}],"collection":[{"href":"https:\/\/www.gastonhenryfourrures.com\/fr\/wp-json\/wp\/v2\/product"}],"about":[{"href":"https:\/\/www.gastonhenryfourrures.com\/fr\/wp-json\/wp\/v2\/types\/product"}],"wp:featuredmedia":[{"embeddable":true,"href":"https:\/\/www.gastonhenryfourrures.com\/fr\/wp-json\/wp\/v2\/media\/4649"}],"wp:attachment":[{"href":"https:\/\/www.gastonhenryfourrures.com\/fr\/wp-json\/wp\/v2\/media?parent=9479"}],"wp:term":[{"taxonomy":"product_cat","embeddable":true,"href":"https:\/\/www.gastonhenryfourrures.com\/fr\/wp-json\/wp\/v2\/product_cat?post=9479"},{"taxonomy":"product_tag","embeddable":true,"href":"https:\/\/www.gastonhenryfourrures.com\/fr\/wp-json\/wp\/v2\/product_tag?post=9479"}],"curies":[{"name":"wp","href":"https:\/\/api.w.org\/{rel}","templated":true}]}}