{"id":9439,"date":"2021-03-18T10:10:22","date_gmt":"2021-03-18T14:10:22","guid":{"rendered":"https:\/\/www.gastonhenryfourrures.com\/product\/couverture-de-lynx-blanket\/"},"modified":"2021-03-18T10:10:22","modified_gmt":"2021-03-18T14:10:22","slug":"couverture-de-lynx-blanket","status":"publish","type":"product","link":"https:\/\/www.gastonhenryfourrures.com\/fr\/produit\/couverture-de-lynx-blanket\/","title":{"rendered":"Couverture de lynx"},"content":{"rendered":"<p>Grandeur de la couverture: 58 pouces x 72 pouces.<\/p>\n<p>Seulement un c\u00f4t\u00e9 avec de la fourrure.<\/p>\n<p>L&rsquo;autre c\u00f4t\u00e9 est disponible en satin noir ou brun.<\/p>\n<p>*Nous pouvons en faire de toutes les esp\u00e8ces possibles et de diff\u00e9rentes grandeurs.<\/p>\n<p>Pour plus d&rsquo;informations, contactez-nous. <\/p>\n","protected":false},"excerpt":{"rendered":"<p>Grandeur de la couverture: 58 pouces x 72 pouces. Seulement un c\u00f4t\u00e9 avec de la fourrure. L&rsquo;autre c\u00f4t\u00e9 est disponible en satin noir ou brun. *Nous pouvons en faire de toutes les esp\u00e8ces possibles et de diff\u00e9rentes grandeurs. Pour plus d&rsquo;informations, contactez-nous.<\/p>\n","protected":false},"featured_media":0,"template":"","meta":[],"product_cat":[518,673],"product_tag":[],"_links":{"self":[{"href":"https:\/\/www.gastonhenryfourrures.com\/fr\/wp-json\/wp\/v2\/product\/9439"}],"collection":[{"href":"https:\/\/www.gastonhenryfourrures.com\/fr\/wp-json\/wp\/v2\/product"}],"about":[{"href":"https:\/\/www.gastonhenryfourrures.com\/fr\/wp-json\/wp\/v2\/types\/product"}],"wp:attachment":[{"href":"https:\/\/www.gastonhenryfourrures.com\/fr\/wp-json\/wp\/v2\/media?parent=9439"}],"wp:term":[{"taxonomy":"product_cat","embeddable":true,"href":"https:\/\/www.gastonhenryfourrures.com\/fr\/wp-json\/wp\/v2\/product_cat?post=9439"},{"taxonomy":"product_tag","embeddable":true,"href":"https:\/\/www.gastonhenryfourrures.com\/fr\/wp-json\/wp\/v2\/product_tag?post=9439"}],"curies":[{"name":"wp","href":"https:\/\/api.w.org\/{rel}","templated":true}]}}