{"id":9435,"date":"2021-03-18T10:10:20","date_gmt":"2021-03-18T14:10:20","guid":{"rendered":"https:\/\/www.gastonhenryfourrures.com\/product\/couverture-de-renard-argente-blanket\/"},"modified":"2021-03-18T10:10:20","modified_gmt":"2021-03-18T14:10:20","slug":"couverture-de-renard-argente-blanket","status":"publish","type":"product","link":"https:\/\/www.gastonhenryfourrures.com\/fr\/produit\/couverture-de-renard-argente-blanket\/","title":{"rendered":"Couverture de renard argent\u00e9"},"content":{"rendered":"<p>Grandeur de la couverture: 58 pouces x 72 pouces.<\/p>\n<p>Seulement un c\u00f4t\u00e9 avec de la fourrure.<\/p>\n<p>L&rsquo;autre c\u00f4t\u00e9 est disponible en satin noir ou brun.<\/p>\n<p>*Nous pouvons en faire de toutes les esp\u00e8ces possibles et de diff\u00e9rentes grandeurs.<\/p>\n<p>Pour plus d&rsquo;informations, contactez-nous. <\/p>\n","protected":false},"excerpt":{"rendered":"<p>Grandeur de la couverture: 58 pouces x 72 pouces. Seulement un c\u00f4t\u00e9 avec de la fourrure. L&rsquo;autre c\u00f4t\u00e9 est disponible en satin noir ou brun. *Nous pouvons en faire de toutes les esp\u00e8ces possibles et de diff\u00e9rentes grandeurs. Pour plus d&rsquo;informations, contactez-nous.<\/p>\n","protected":false},"featured_media":4631,"template":"","meta":[],"product_cat":[518,629],"product_tag":[],"_links":{"self":[{"href":"https:\/\/www.gastonhenryfourrures.com\/fr\/wp-json\/wp\/v2\/product\/9435"}],"collection":[{"href":"https:\/\/www.gastonhenryfourrures.com\/fr\/wp-json\/wp\/v2\/product"}],"about":[{"href":"https:\/\/www.gastonhenryfourrures.com\/fr\/wp-json\/wp\/v2\/types\/product"}],"wp:featuredmedia":[{"embeddable":true,"href":"https:\/\/www.gastonhenryfourrures.com\/fr\/wp-json\/wp\/v2\/media\/4631"}],"wp:attachment":[{"href":"https:\/\/www.gastonhenryfourrures.com\/fr\/wp-json\/wp\/v2\/media?parent=9435"}],"wp:term":[{"taxonomy":"product_cat","embeddable":true,"href":"https:\/\/www.gastonhenryfourrures.com\/fr\/wp-json\/wp\/v2\/product_cat?post=9435"},{"taxonomy":"product_tag","embeddable":true,"href":"https:\/\/www.gastonhenryfourrures.com\/fr\/wp-json\/wp\/v2\/product_tag?post=9435"}],"curies":[{"name":"wp","href":"https:\/\/api.w.org\/{rel}","templated":true}]}}