{"id":9425,"date":"2021-03-18T10:10:16","date_gmt":"2021-03-18T14:10:16","guid":{"rendered":"https:\/\/www.gastonhenryfourrures.com\/product\/coussin-de-lynx-cushion\/"},"modified":"2021-03-18T10:10:16","modified_gmt":"2021-03-18T14:10:16","slug":"coussin-de-lynx-cushion","status":"publish","type":"product","link":"https:\/\/www.gastonhenryfourrures.com\/fr\/produit\/coussin-de-lynx-cushion\/","title":{"rendered":"Coussin de lynx"},"content":{"rendered":"<p>Grandeur du coussin: 16 pouces x 16 pouces.<\/p>\n<p>Seulement un c\u00f4t\u00e9 avec de la fourrure. L&rsquo;autre c\u00f4t\u00e9 est disponible en satin noir ou brun.<\/p>\n<p>*Nous pouvons en faire de toutes les esp\u00e8ces possibles.<\/p>\n<p>Pour plus d&rsquo;informations, contactez-nous. <\/p>\n","protected":false},"excerpt":{"rendered":"<p>Grandeur du coussin: 16 pouces x 16 pouces. Seulement un c\u00f4t\u00e9 avec de la fourrure. L&rsquo;autre c\u00f4t\u00e9 est disponible en satin noir ou brun. *Nous pouvons en faire de toutes les esp\u00e8ces possibles. Pour plus d&rsquo;informations, contactez-nous.<\/p>\n","protected":false},"featured_media":4623,"template":"","meta":[],"product_cat":[516,673],"product_tag":[],"_links":{"self":[{"href":"https:\/\/www.gastonhenryfourrures.com\/fr\/wp-json\/wp\/v2\/product\/9425"}],"collection":[{"href":"https:\/\/www.gastonhenryfourrures.com\/fr\/wp-json\/wp\/v2\/product"}],"about":[{"href":"https:\/\/www.gastonhenryfourrures.com\/fr\/wp-json\/wp\/v2\/types\/product"}],"wp:featuredmedia":[{"embeddable":true,"href":"https:\/\/www.gastonhenryfourrures.com\/fr\/wp-json\/wp\/v2\/media\/4623"}],"wp:attachment":[{"href":"https:\/\/www.gastonhenryfourrures.com\/fr\/wp-json\/wp\/v2\/media?parent=9425"}],"wp:term":[{"taxonomy":"product_cat","embeddable":true,"href":"https:\/\/www.gastonhenryfourrures.com\/fr\/wp-json\/wp\/v2\/product_cat?post=9425"},{"taxonomy":"product_tag","embeddable":true,"href":"https:\/\/www.gastonhenryfourrures.com\/fr\/wp-json\/wp\/v2\/product_tag?post=9425"}],"curies":[{"name":"wp","href":"https:\/\/api.w.org\/{rel}","templated":true}]}}