{"id":9419,"date":"2021-03-18T10:10:14","date_gmt":"2021-03-18T14:10:14","guid":{"rendered":"https:\/\/www.gastonhenryfourrures.com\/product\/coussin-de-renard-roux-cushion\/"},"modified":"2021-03-18T10:10:14","modified_gmt":"2021-03-18T14:10:14","slug":"coussin-de-renard-roux-cushion","status":"publish","type":"product","link":"https:\/\/www.gastonhenryfourrures.com\/fr\/produit\/coussin-de-renard-roux-cushion\/","title":{"rendered":"Coussin de renard roux"},"content":{"rendered":"<p>Grandeur du coussin: 16 pouces x 16 pouces.<\/p>\n<p>Seulement un c\u00f4t\u00e9 avec de la fourrure. L&rsquo;autre c\u00f4t\u00e9 est disponible en satin noir ou brun.<\/p>\n<p>*Nous pouvons en faire de toutes les esp\u00e8ces possibles.<\/p>\n<p>Pour plus d&rsquo;informations, contactez-nous. <\/p>\n","protected":false},"excerpt":{"rendered":"<p>Grandeur du coussin: 16 pouces x 16 pouces. Seulement un c\u00f4t\u00e9 avec de la fourrure. L&rsquo;autre c\u00f4t\u00e9 est disponible en satin noir ou brun. *Nous pouvons en faire de toutes les esp\u00e8ces possibles. Pour plus d&rsquo;informations, contactez-nous.<\/p>\n","protected":false},"featured_media":0,"template":"","meta":[],"product_cat":[516,629],"product_tag":[],"_links":{"self":[{"href":"https:\/\/www.gastonhenryfourrures.com\/fr\/wp-json\/wp\/v2\/product\/9419"}],"collection":[{"href":"https:\/\/www.gastonhenryfourrures.com\/fr\/wp-json\/wp\/v2\/product"}],"about":[{"href":"https:\/\/www.gastonhenryfourrures.com\/fr\/wp-json\/wp\/v2\/types\/product"}],"wp:attachment":[{"href":"https:\/\/www.gastonhenryfourrures.com\/fr\/wp-json\/wp\/v2\/media?parent=9419"}],"wp:term":[{"taxonomy":"product_cat","embeddable":true,"href":"https:\/\/www.gastonhenryfourrures.com\/fr\/wp-json\/wp\/v2\/product_cat?post=9419"},{"taxonomy":"product_tag","embeddable":true,"href":"https:\/\/www.gastonhenryfourrures.com\/fr\/wp-json\/wp\/v2\/product_tag?post=9419"}],"curies":[{"name":"wp","href":"https:\/\/api.w.org\/{rel}","templated":true}]}}