{"id":9249,"date":"2021-03-18T10:07:00","date_gmt":"2021-03-18T14:07:00","guid":{"rendered":"https:\/\/www.gastonhenryfourrures.com\/product\/des-a-coudre\/"},"modified":"2021-03-18T10:07:00","modified_gmt":"2021-03-18T14:07:00","slug":"des-a-coudre","status":"publish","type":"product","link":"https:\/\/www.gastonhenryfourrures.com\/fr\/produit\/des-a-coudre\/","title":{"rendered":"D\u00e9s \u00e0 coudre"},"content":{"rendered":"<p>3 pi\u00e8ces<\/p>\n","protected":false},"excerpt":{"rendered":"<p>3 pi\u00e8ces<\/p>\n","protected":false},"featured_media":4555,"template":"","meta":[],"product_cat":[508],"product_tag":[],"_links":{"self":[{"href":"https:\/\/www.gastonhenryfourrures.com\/fr\/wp-json\/wp\/v2\/product\/9249"}],"collection":[{"href":"https:\/\/www.gastonhenryfourrures.com\/fr\/wp-json\/wp\/v2\/product"}],"about":[{"href":"https:\/\/www.gastonhenryfourrures.com\/fr\/wp-json\/wp\/v2\/types\/product"}],"wp:featuredmedia":[{"embeddable":true,"href":"https:\/\/www.gastonhenryfourrures.com\/fr\/wp-json\/wp\/v2\/media\/4555"}],"wp:attachment":[{"href":"https:\/\/www.gastonhenryfourrures.com\/fr\/wp-json\/wp\/v2\/media?parent=9249"}],"wp:term":[{"taxonomy":"product_cat","embeddable":true,"href":"https:\/\/www.gastonhenryfourrures.com\/fr\/wp-json\/wp\/v2\/product_cat?post=9249"},{"taxonomy":"product_tag","embeddable":true,"href":"https:\/\/www.gastonhenryfourrures.com\/fr\/wp-json\/wp\/v2\/product_tag?post=9249"}],"curies":[{"name":"wp","href":"https:\/\/api.w.org\/{rel}","templated":true}]}}