{"id":9229,"date":"2021-03-18T10:06:44","date_gmt":"2021-03-18T14:06:44","guid":{"rendered":"https:\/\/www.gastonhenryfourrures.com\/product\/castor-epile-et-rase\/"},"modified":"2025-11-24T09:11:39","modified_gmt":"2025-11-24T14:11:39","slug":"castor-epile-et-rase","status":"publish","type":"product","link":"https:\/\/www.gastonhenryfourrures.com\/fr\/produit\/castor-epile-et-rase\/","title":{"rendered":"Castor \u00e9pil\u00e9 et ras\u00e9"},"content":{"rendered":"<p>Castor de l&rsquo;Est du Canada. \u00c9pil\u00e9 et ras\u00e9. Fourrure de premi\u00e8re qualit\u00e9.<\/p>\n","protected":false},"excerpt":{"rendered":"<p>Castor de l&rsquo;Est du Canada. \u00c9pil\u00e9 et ras\u00e9. Fourrure de premi\u00e8re qualit\u00e9.<\/p>\n","protected":false},"featured_media":4547,"template":"","meta":[],"product_cat":[502,626],"product_tag":[],"_links":{"self":[{"href":"https:\/\/www.gastonhenryfourrures.com\/fr\/wp-json\/wp\/v2\/product\/9229"}],"collection":[{"href":"https:\/\/www.gastonhenryfourrures.com\/fr\/wp-json\/wp\/v2\/product"}],"about":[{"href":"https:\/\/www.gastonhenryfourrures.com\/fr\/wp-json\/wp\/v2\/types\/product"}],"wp:featuredmedia":[{"embeddable":true,"href":"https:\/\/www.gastonhenryfourrures.com\/fr\/wp-json\/wp\/v2\/media\/4547"}],"wp:attachment":[{"href":"https:\/\/www.gastonhenryfourrures.com\/fr\/wp-json\/wp\/v2\/media?parent=9229"}],"wp:term":[{"taxonomy":"product_cat","embeddable":true,"href":"https:\/\/www.gastonhenryfourrures.com\/fr\/wp-json\/wp\/v2\/product_cat?post=9229"},{"taxonomy":"product_tag","embeddable":true,"href":"https:\/\/www.gastonhenryfourrures.com\/fr\/wp-json\/wp\/v2\/product_tag?post=9229"}],"curies":[{"name":"wp","href":"https:\/\/api.w.org\/{rel}","templated":true}]}}