{"id":9209,"date":"2021-03-18T10:06:30","date_gmt":"2021-03-18T14:06:30","guid":{"rendered":"https:\/\/www.gastonhenryfourrures.com\/product\/castor-a-poils-long\/"},"modified":"2026-04-01T09:32:12","modified_gmt":"2026-04-01T13:32:12","slug":"castor-a-poils-long","status":"publish","type":"product","link":"https:\/\/www.gastonhenryfourrures.com\/fr\/produit\/castor-a-poils-long\/","title":{"rendered":"Castor \u00e0 poils long"},"content":{"rendered":"<p>Castor de l&rsquo;Est du Canada. Poils long. Fourrure de premi\u00e8re qualit\u00e9.<\/p>\n","protected":false},"excerpt":{"rendered":"<p>Castor de l&rsquo;Est du Canada. Poils long. Fourrure de premi\u00e8re qualit\u00e9.<\/p>\n","protected":false},"featured_media":4543,"template":"","meta":[],"product_cat":[502,626],"product_tag":[],"_links":{"self":[{"href":"https:\/\/www.gastonhenryfourrures.com\/fr\/wp-json\/wp\/v2\/product\/9209"}],"collection":[{"href":"https:\/\/www.gastonhenryfourrures.com\/fr\/wp-json\/wp\/v2\/product"}],"about":[{"href":"https:\/\/www.gastonhenryfourrures.com\/fr\/wp-json\/wp\/v2\/types\/product"}],"wp:featuredmedia":[{"embeddable":true,"href":"https:\/\/www.gastonhenryfourrures.com\/fr\/wp-json\/wp\/v2\/media\/4543"}],"wp:attachment":[{"href":"https:\/\/www.gastonhenryfourrures.com\/fr\/wp-json\/wp\/v2\/media?parent=9209"}],"wp:term":[{"taxonomy":"product_cat","embeddable":true,"href":"https:\/\/www.gastonhenryfourrures.com\/fr\/wp-json\/wp\/v2\/product_cat?post=9209"},{"taxonomy":"product_tag","embeddable":true,"href":"https:\/\/www.gastonhenryfourrures.com\/fr\/wp-json\/wp\/v2\/product_tag?post=9209"}],"curies":[{"name":"wp","href":"https:\/\/api.w.org\/{rel}","templated":true}]}}