{"id":13424,"date":"2024-02-15T11:12:30","date_gmt":"2024-02-15T16:12:30","guid":{"rendered":"https:\/\/www.gastonhenryfourrures.com\/?post_type=product&#038;p=13424"},"modified":"2026-04-01T15:56:58","modified_gmt":"2026-04-01T19:56:58","slug":"castor-a-poils-long-teint-noir","status":"publish","type":"product","link":"https:\/\/www.gastonhenryfourrures.com\/fr\/produit\/castor-a-poils-long-teint-noir\/","title":{"rendered":"Castor \u00e0 poils long teint noir"},"content":{"rendered":"<p>Castor de l&rsquo;Est du Canada. Poils long. Fourrure de premi\u00e8re qualit\u00e9.<\/p>\n<p>Teint noir<\/p>\n","protected":false},"excerpt":{"rendered":"<p>Castor de l&rsquo;Est du Canada. Poils long. Fourrure de premi\u00e8re qualit\u00e9. Teint noir<\/p>\n","protected":false},"featured_media":11773,"template":"","meta":[],"product_cat":[502,626],"product_tag":[],"_links":{"self":[{"href":"https:\/\/www.gastonhenryfourrures.com\/fr\/wp-json\/wp\/v2\/product\/13424"}],"collection":[{"href":"https:\/\/www.gastonhenryfourrures.com\/fr\/wp-json\/wp\/v2\/product"}],"about":[{"href":"https:\/\/www.gastonhenryfourrures.com\/fr\/wp-json\/wp\/v2\/types\/product"}],"wp:featuredmedia":[{"embeddable":true,"href":"https:\/\/www.gastonhenryfourrures.com\/fr\/wp-json\/wp\/v2\/media\/11773"}],"wp:attachment":[{"href":"https:\/\/www.gastonhenryfourrures.com\/fr\/wp-json\/wp\/v2\/media?parent=13424"}],"wp:term":[{"taxonomy":"product_cat","embeddable":true,"href":"https:\/\/www.gastonhenryfourrures.com\/fr\/wp-json\/wp\/v2\/product_cat?post=13424"},{"taxonomy":"product_tag","embeddable":true,"href":"https:\/\/www.gastonhenryfourrures.com\/fr\/wp-json\/wp\/v2\/product_tag?post=13424"}],"curies":[{"name":"wp","href":"https:\/\/api.w.org\/{rel}","templated":true}]}}