{"id":11487,"date":"2022-02-01T15:29:15","date_gmt":"2022-02-01T20:29:15","guid":{"rendered":"https:\/\/www.gastonhenryfourrures.com\/?post_type=product&#038;p=11487"},"modified":"2026-02-03T10:14:16","modified_gmt":"2026-02-03T15:14:16","slug":"castor-rase-legerement-endommage","status":"publish","type":"product","link":"https:\/\/www.gastonhenryfourrures.com\/fr\/produit\/castor-rase-legerement-endommage\/","title":{"rendered":"Castor Ras\u00e9 l\u00e9g\u00e8rement endommag\u00e9"},"content":{"rendered":"<p>Castor ras\u00e9 l\u00e9g\u00e8rement endommag\u00e9.<\/p>\n<p>60% de la peau sera utulisable,la fourrures est de premi\u00e8re qualit\u00e9e.<\/p>\n<p>&nbsp;<\/p>\n","protected":false},"excerpt":{"rendered":"<p><img loading=\"lazy\" decoding=\"async\" class=\"size-medium wp-image-11495\" src=\"https:\/\/www.gastonhenryfourrures.com\/wp-content\/uploads\/2022\/02\/photo-castor-rase-cote-cuir-modifie-300x200.jpg\" alt=\"\" width=\"300\" height=\"200\" srcset=\"https:\/\/www.gastonhenryfourrures.com\/wp-content\/uploads\/2022\/02\/photo-castor-rase-cote-cuir-modifie-300x200.jpg 300w, https:\/\/www.gastonhenryfourrures.com\/wp-content\/uploads\/2022\/02\/photo-castor-rase-cote-cuir-modifie-1024x683.jpg 1024w, https:\/\/www.gastonhenryfourrures.com\/wp-content\/uploads\/2022\/02\/photo-castor-rase-cote-cuir-modifie-768x512.jpg 768w, https:\/\/www.gastonhenryfourrures.com\/wp-content\/uploads\/2022\/02\/photo-castor-rase-cote-cuir-modifie-1536x1024.jpg 1536w, https:\/\/www.gastonhenryfourrures.com\/wp-content\/uploads\/2022\/02\/photo-castor-rase-cote-cuir-modifie-2048x1365.jpg 2048w, https:\/\/www.gastonhenryfourrures.com\/wp-content\/uploads\/2022\/02\/photo-castor-rase-cote-cuir-modifie-294x196.jpg 294w, https:\/\/www.gastonhenryfourrures.com\/wp-content\/uploads\/2022\/02\/photo-castor-rase-cote-cuir-modifie-600x400.jpg 600w\" sizes=\"(max-width: 300px) 100vw, 300px\" \/><\/p>\n","protected":false},"featured_media":11492,"template":"","meta":[],"product_cat":[502,562,626],"product_tag":[],"_links":{"self":[{"href":"https:\/\/www.gastonhenryfourrures.com\/fr\/wp-json\/wp\/v2\/product\/11487"}],"collection":[{"href":"https:\/\/www.gastonhenryfourrures.com\/fr\/wp-json\/wp\/v2\/product"}],"about":[{"href":"https:\/\/www.gastonhenryfourrures.com\/fr\/wp-json\/wp\/v2\/types\/product"}],"wp:featuredmedia":[{"embeddable":true,"href":"https:\/\/www.gastonhenryfourrures.com\/fr\/wp-json\/wp\/v2\/media\/11492"}],"wp:attachment":[{"href":"https:\/\/www.gastonhenryfourrures.com\/fr\/wp-json\/wp\/v2\/media?parent=11487"}],"wp:term":[{"taxonomy":"product_cat","embeddable":true,"href":"https:\/\/www.gastonhenryfourrures.com\/fr\/wp-json\/wp\/v2\/product_cat?post=11487"},{"taxonomy":"product_tag","embeddable":true,"href":"https:\/\/www.gastonhenryfourrures.com\/fr\/wp-json\/wp\/v2\/product_tag?post=11487"}],"curies":[{"name":"wp","href":"https:\/\/api.w.org\/{rel}","templated":true}]}}