{"id":70,"date":"2020-12-10T20:38:03","date_gmt":"2020-12-10T20:38:03","guid":{"rendered":"https:\/\/www.gastonhenryfourrures.com\/?page_id=70"},"modified":"2025-08-25T11:24:11","modified_gmt":"2025-08-25T15:24:11","slug":"a-propos","status":"publish","type":"page","link":"https:\/\/www.gastonhenryfourrures.com\/fr\/a-propos\/","title":{"rendered":"\u00c0 propos"},"content":{"rendered":"<section class=\"h1-container\">\n<div class=\"container\">\n<div class=\"row\">\n<div class=\"col-12 col-xxl-10 mx-auto\">\n<div class=\"lc-block h1-div text-center\">\n<div editable=\"rich\">\n<h1>Vous \u00eates \u00e0 la recherche d\u2019une fourrure de qualit\u00e9? <strong>Gaston Henry est la r\u00e9f\u00e9rence!<\/strong><\/h1>\n<\/p><\/div>\n<\/p><\/div>\n<p><!-- \/lc-block --><\/p>\n<div class=\"lc-block text-center\">\n<div lc-helper=\"shortcode\" class=\"live-shortcode\"><a class=\"contact btn white\" href=\"https:\/\/www.gastonhenryfourrures.com\/fr\/boutique\/\" aria-label=\"D\u00e9couvrez notre collection\">D\u00e9couvrez notre collection<\/a><\/div>\n<\/p><\/div>\n<p><!-- \/lc-block -->\n\t\t\t<\/div>\n<p><!-- \/col -->\n\t\t<\/div>\n<\/p><\/div>\n<\/section>\n<section class=\"content_container\">\n<div class=\"container\">\n<div class=\"row\">\n<div class=\"col-lg-8\">\n<div class=\"lc-block\">\n<div editable=\"rich\">\n<h2>Qui est derri\u00e8re Gaston Henry Fourrures Inc?<\/h2>\n<p>Gaston Henry Fourrures Inc est une compagnie familiale n\u00e9e en 2002. Le propri\u00e9taire, Gaston, est un vrai passionn\u00e9 de la fourrure. Son amour a d\u00e9but\u00e9 pendant son adolescence quand il a commenc\u00e9 \u00e0 trapper. Apr\u00e8s avoir travaill\u00e9 21 ans en tant que machiniste, il a d\u00e9cid\u00e9 de fonder sa compagnie afin de faire de sa passion son m\u00e9tier principal. Gaston a commenc\u00e9 en achetant directement les fourrures aux trappeurs et en les revendant partout dans le monde. Depuis, sa femme, Marie, travaille avec lui. Elle fait de l\u2019artisanat de style am\u00e9rindien et leur fils \u00c9tienne les aide pendant l\u2019hiver, d\u2019o\u00f9 les valeurs familiales sur lesquelles reposent la compagnie.<\/p>\n<p>Ils ont en fait leur mission principale de pouvoir vous fournir la meilleure qualit\u00e9 disponible sur le march\u00e9 peu importe la place o\u00f9 vous vivez. Obtenez votre premi\u00e8re fourrure d\u00e8s aujourd\u2019hui! Il suffit de nous contacter ou de <a class=\"\" href=\"https:\/\/www.gastonhenryfourrures.com\/fr\/boutique\/\" aria-label=\"visiter notre boutique en ligne\">visiter notre boutique en ligne<\/a>\n\t\t\t\t\t\t<\/p>\n<\/p><\/div>\n<\/p><\/div>\n<p><!-- \/lc-block --><\/p>\n<div class=\"lc-block\">\n<div lc-helper=\"shortcode\" class=\"live-shortcode\"><a class=\"contact btn\" href=\"https:\/\/www.gastonhenryfourrures.com\/fr\/nous-joindre\/\" aria-label=\"Contactez-nous pour plus d&rsquo;informations\">Contactez-nous pour plus d&rsquo;informations<\/a><\/div>\n<\/p><\/div>\n<p><!-- \/lc-block -->\n\t\t\t<\/div>\n<p><!-- \/col --><\/p>\n<div class=\"col-lg-4\">\n<div class=\"lc-block\">\n\t\t\t\t\t<picture><source srcset=\"https:\/\/www.gastonhenryfourrures.com\/wp-content\/uploads\/2021\/01\/propos-img.webp\" type=\"image\/webp\"><img decoding=\"async\" class=\"img-fluid\" src=\"https:\/\/www.gastonhenryfourrures.com\/wp-content\/uploads\/2021\/01\/propos-img.jpg\" alt=\"\"><\/picture>\n\t\t\t\t<\/div>\n<p><!-- \/lc-block -->\n\t\t\t<\/div>\n<p><!-- \/col -->\n\t\t<\/div>\n<\/p><\/div>\n<\/section>\n","protected":false},"excerpt":{"rendered":"<p>Vous \u00eates \u00e0 la recherche d\u2019une fourrure de qualit\u00e9? Gaston Henry est la r\u00e9f\u00e9rence! Qui est derri\u00e8re Gaston Henry Fourrures Inc? Gaston Henry Fourrures Inc est une compagnie familiale n\u00e9e en 2002. Le propri\u00e9taire, Gaston, est un vrai passionn\u00e9 de la fourrure. Son amour a d\u00e9but\u00e9 pendant son adolescence quand il a commenc\u00e9 \u00e0 trapper. [&hellip;]<\/p>\n","protected":false},"author":1,"featured_media":0,"parent":0,"menu_order":0,"comment_status":"closed","ping_status":"closed","template":"","meta":{"footnotes":""},"_links":{"self":[{"href":"https:\/\/www.gastonhenryfourrures.com\/fr\/wp-json\/wp\/v2\/pages\/70"}],"collection":[{"href":"https:\/\/www.gastonhenryfourrures.com\/fr\/wp-json\/wp\/v2\/pages"}],"about":[{"href":"https:\/\/www.gastonhenryfourrures.com\/fr\/wp-json\/wp\/v2\/types\/page"}],"author":[{"embeddable":true,"href":"https:\/\/www.gastonhenryfourrures.com\/fr\/wp-json\/wp\/v2\/users\/1"}],"replies":[{"embeddable":true,"href":"https:\/\/www.gastonhenryfourrures.com\/fr\/wp-json\/wp\/v2\/comments?post=70"}],"version-history":[{"count":10,"href":"https:\/\/www.gastonhenryfourrures.com\/fr\/wp-json\/wp\/v2\/pages\/70\/revisions"}],"predecessor-version":[{"id":14760,"href":"https:\/\/www.gastonhenryfourrures.com\/fr\/wp-json\/wp\/v2\/pages\/70\/revisions\/14760"}],"wp:attachment":[{"href":"https:\/\/www.gastonhenryfourrures.com\/fr\/wp-json\/wp\/v2\/media?parent=70"}],"curies":[{"name":"wp","href":"https:\/\/api.w.org\/{rel}","templated":true}]}}