{"id":14571,"date":"2025-02-05T10:52:59","date_gmt":"2025-02-05T15:52:59","guid":{"rendered":"https:\/\/www.gastonhenryfourrures.com\/politiques-dachats\/"},"modified":"2025-02-05T11:10:45","modified_gmt":"2025-02-05T16:10:45","slug":"politiques-achats","status":"publish","type":"page","link":"https:\/\/www.gastonhenryfourrures.com\/fr\/politiques-achats\/","title":{"rendered":"Politiques d\u2019achats"},"content":{"rendered":"<section>\n<div class=\"container\">\n<div class=\"row\">\n<div class=\"col-md-12\">\n<div class=\"lc-block\">\n<div>\n<section class=\"body-container cancellation-refund-container py-4\">\n<h1>Politiques d\u2019achats<\/h1>\n<p><strong>Conditions de Remboursement<br \/>\n<\/strong>Nous souhaitons que nos clients soient pleinement satisfaits de leurs achats. Si, pour une raison quelconque, vous souhaitez demander un remboursement, voici nos conditions :<\/p>\n<p><strong>1. Annulation<\/strong><br \/>\nLes demandes d&rsquo;annulation doivent \u00eatre effectu\u00e9es par \u00e9crit <a href=\"mailto:gastonhenry@telus.net\"><strong>Courriel<\/strong><\/a> avant l\u2019exp\u00e9dition de la commande.<\/p>\n<p><strong>2. D\u00e9lai de remboursement<br \/>\n<\/strong>Vous disposez d\u2019un d\u00e9lai de 7 jours \u00e0 compter de la r\u00e9ception de votre commande pour effectuer une demande de remboursement.<\/p>\n<p><strong>3. Conditions de retour<br \/>\n<\/strong>Pour que le remboursement soit valid\u00e9, les produits doivent \u00eatre retourn\u00e9s dans leur \u00e9tat d\u2019origine, non utilis\u00e9s. Les produits ne doivent pas avoir \u00e9t\u00e9 endommag\u00e9s. Les produits ne doivent pas avoir \u00e9t\u00e9 endommag\u00e9s.<\/p>\n<p><strong>4. Processus de demande de remboursement<br \/>\n<\/strong>Toute demande de remboursement doit \u00eatre soumise par \u00e9crit \u00e0 <a href=\"mailto:gastonhenry@telus.net\"><strong>Courriel<\/strong><\/a> dans les 7 jours suivant la r\u00e9ception de la commande. Veuillez inclure votre num\u00e9ro de commande, ainsi que la date de la commande et le motif de votre demande.<\/p>\n<p><strong>5. Frais de retour<br \/>\n<\/strong>Les frais de retour sont \u00e0 la charge du client, sauf en cas de produit d\u00e9fectueux ou erreur de notre part.<\/p>\n<p><strong>6. Remboursement<br \/>\n<\/strong>Une fois le retour valid\u00e9 et le produit re\u00e7u dans son \u00e9tat d\u2019origine, nous proc\u00e9derons au remboursement sous 7 jours ouvert sur le mode de paiement initial.<\/p>\n<p><strong>7. Force majeure<br \/>\n<\/strong>En cas de force majeure (\u00e9v\u00e9nements impr\u00e9vus ind\u00e9pendants de notre volont\u00e9 tels que des catastrophes naturelles, des gr\u00e8ves, ou des \u00e9v\u00e9nements gouvernementaux), nous nous engageons \u00e0 proposer une alternative ou un remboursement complet en fonction des circonstances.<\/p>\n<p>Nous vous remercions pour votre compr\u00e9hension et restons disponibles pour toute question suppl\u00e9mentaire.<\/p>\n<\/section>\n<\/div>\n<\/div>\n<\/div>\n<\/div>\n<\/div>\n<\/section>\n<section>\n<div class=\"container\">\n<div class=\"row\">\n<div class=\"col-md-12\"><\/div>\n<\/div>\n<\/div>\n<\/section>\n","protected":false},"excerpt":{"rendered":"<p>Politiques d\u2019achats Conditions de Remboursement Nous souhaitons que nos clients soient pleinement satisfaits de leurs achats. Si, pour une raison quelconque, vous souhaitez demander un remboursement, voici nos conditions : 1. Annulation Les demandes d&rsquo;annulation doivent \u00eatre effectu\u00e9es par \u00e9crit Courriel avant l\u2019exp\u00e9dition de la commande. 2. D\u00e9lai de remboursement Vous disposez d\u2019un d\u00e9lai de [&hellip;]<\/p>\n","protected":false},"author":1,"featured_media":0,"parent":0,"menu_order":0,"comment_status":"closed","ping_status":"closed","template":"","meta":{"footnotes":""},"_links":{"self":[{"href":"https:\/\/www.gastonhenryfourrures.com\/fr\/wp-json\/wp\/v2\/pages\/14571"}],"collection":[{"href":"https:\/\/www.gastonhenryfourrures.com\/fr\/wp-json\/wp\/v2\/pages"}],"about":[{"href":"https:\/\/www.gastonhenryfourrures.com\/fr\/wp-json\/wp\/v2\/types\/page"}],"author":[{"embeddable":true,"href":"https:\/\/www.gastonhenryfourrures.com\/fr\/wp-json\/wp\/v2\/users\/1"}],"replies":[{"embeddable":true,"href":"https:\/\/www.gastonhenryfourrures.com\/fr\/wp-json\/wp\/v2\/comments?post=14571"}],"version-history":[{"count":5,"href":"https:\/\/www.gastonhenryfourrures.com\/fr\/wp-json\/wp\/v2\/pages\/14571\/revisions"}],"predecessor-version":[{"id":14578,"href":"https:\/\/www.gastonhenryfourrures.com\/fr\/wp-json\/wp\/v2\/pages\/14571\/revisions\/14578"}],"wp:attachment":[{"href":"https:\/\/www.gastonhenryfourrures.com\/fr\/wp-json\/wp\/v2\/media?parent=14571"}],"curies":[{"name":"wp","href":"https:\/\/api.w.org\/{rel}","templated":true}]}}