{"id":4438,"date":"2021-03-02T10:35:16","date_gmt":"2021-03-02T15:35:16","guid":{"rendered":"https:\/\/www.gastonhenryfourrures.com\/?page_id=4438"},"modified":"2025-08-25T11:23:47","modified_gmt":"2025-08-25T15:23:47","slug":"about-us","status":"publish","type":"page","link":"https:\/\/www.gastonhenryfourrures.com\/en\/about-us\/","title":{"rendered":"About Us"},"content":{"rendered":"<section class=\"h1-container\">\n<div class=\"container\">\n<div class=\"row\">\n<div class=\"col-12 col-xxl-10 mx-auto\">\n<div class=\"lc-block h1-div text-center\">\n<div editable=\"rich\">\n<h1>Vous \u00eates \u00e0 la recherche d\u2019une fourrure de qualit\u00e9? <strong>Gaston Henry est la r\u00e9f\u00e9rence!<\/strong><\/h1>\n<\/p><\/div>\n<\/p><\/div>\n<p><!-- \/lc-block --><\/p>\n<div class=\"lc-block text-center\">\n<div lc-helper=\"shortcode\" class=\"live-shortcode\"><a class=\"contact btn white\" href=\"https:\/\/www.gastonhenryfourrures.com\/fr\/boutique\/\" aria-label=\"D\u00e9couvrez notre collection\">D\u00e9couvrez notre collection<\/a><\/div>\n<\/p><\/div>\n<p><!-- \/lc-block -->\n\t\t\t<\/div>\n<p><!-- \/col -->\n\t\t<\/div>\n<\/p><\/div>\n<\/section>\n<section class=\"content_container\">\n<div class=\"container\">\n<div class=\"row\">\n<div class=\"col-lg-8\">\n<div class=\"lc-block\">\n<div editable=\"rich\">\n<h2>Who is behind Gaston Henry Fourrures Inc?<\/h2>\n<p>Gaston Henry Fourrures Inc is a family company established in 2002. The owner, Gaston, is a true fan of fur. His love for fur began in his teenage years when he started trapping. After having worked 21 years as a machinist, he decided to found his company in order to turn his passion into a full-time profession. Gaston started out by buying furs directly from trappers and selling them all over the world. Since then, his wife Marie has started working with him. With the help of their son \u00c9tienne in the winter, Marie makes Native American-style crafts: family values are at the very foundation of this company. <\/p>\n<p>Our mission is to provide you with the best quality of fur available in the market no matter where you live. Get your first fur today! Just reach out to contact us or <a class=\"\" href=\"https:\/\/www.gastonhenryfourrures.com\/fr\/boutique\/\" aria-label=\"visit our online store\">visit our online store<\/a>.<\/p>\n<\/p><\/div>\n<\/p><\/div>\n<p><!-- \/lc-block --><\/p>\n<div class=\"lc-block\">\n<div lc-helper=\"shortcode\" class=\"live-shortcode\"><a class=\"contact btn\" href=\"https:\/\/www.gastonhenryfourrures.com\/fr\/nous-joindre\/\" aria-label=\"Contact us for more information!\">Contact us for more information!<\/a><\/div>\n<\/p><\/div>\n<p><!-- \/lc-block -->\n\t\t\t<\/div>\n<p><!-- \/col --><\/p>\n<div class=\"col-lg-4\">\n<div class=\"lc-block\">\n\t\t\t\t\t<picture><source srcset=\"https:\/\/www.gastonhenryfourrures.com\/wp-content\/uploads\/2021\/01\/propos-img.webp\" type=\"image\/webp\"><img decoding=\"async\" class=\"img-fluid\" src=\"https:\/\/www.gastonhenryfourrures.com\/wp-content\/uploads\/2021\/01\/propos-img.jpg\" alt=\"\"><\/picture>\n\t\t\t\t<\/div>\n<p><!-- \/lc-block -->\n\t\t\t<\/div>\n<p><!-- \/col -->\n\t\t<\/div>\n<\/p><\/div>\n<\/section>\n","protected":false},"excerpt":{"rendered":"<p>Vous \u00eates \u00e0 la recherche d\u2019une fourrure de qualit\u00e9? Gaston Henry est la r\u00e9f\u00e9rence! Who is behind Gaston Henry Fourrures Inc? Gaston Henry Fourrures Inc is a family company established in 2002. The owner, Gaston, is a true fan of fur. His love for fur began in his teenage years when he started trapping. After [&hellip;]<\/p>\n","protected":false},"author":1,"featured_media":0,"parent":0,"menu_order":0,"comment_status":"closed","ping_status":"closed","template":"","meta":{"footnotes":""},"_links":{"self":[{"href":"https:\/\/www.gastonhenryfourrures.com\/en\/wp-json\/wp\/v2\/pages\/4438"}],"collection":[{"href":"https:\/\/www.gastonhenryfourrures.com\/en\/wp-json\/wp\/v2\/pages"}],"about":[{"href":"https:\/\/www.gastonhenryfourrures.com\/en\/wp-json\/wp\/v2\/types\/page"}],"author":[{"embeddable":true,"href":"https:\/\/www.gastonhenryfourrures.com\/en\/wp-json\/wp\/v2\/users\/1"}],"replies":[{"embeddable":true,"href":"https:\/\/www.gastonhenryfourrures.com\/en\/wp-json\/wp\/v2\/comments?post=4438"}],"version-history":[{"count":5,"href":"https:\/\/www.gastonhenryfourrures.com\/en\/wp-json\/wp\/v2\/pages\/4438\/revisions"}],"predecessor-version":[{"id":14759,"href":"https:\/\/www.gastonhenryfourrures.com\/en\/wp-json\/wp\/v2\/pages\/4438\/revisions\/14759"}],"wp:attachment":[{"href":"https:\/\/www.gastonhenryfourrures.com\/en\/wp-json\/wp\/v2\/media?parent=4438"}],"curies":[{"name":"wp","href":"https:\/\/api.w.org\/{rel}","templated":true}]}}